{"id":5,"date":"2019-09-10T12:09:19","date_gmt":"2019-09-10T12:09:19","guid":{"rendered":"http:\/\/lafusionadora.com\/?p=5"},"modified":"2022-09-21T09:27:56","modified_gmt":"2022-09-21T09:27:56","slug":"about","status":"publish","type":"page","link":"http:\/\/grazzia.es\/?page_id=5","title":{"rendered":"About"},"content":{"rendered":"<div>\n<p>    <img decoding=\"async\" src=\"\/wp-content\/uploads\/2022\/09\/architecture-5014264-1-scaled.jpg\" alt=\"\"><\/p>\n<h3>\n<h3>PERSONAS CON PASI\u00d3N:<\/h3>\n<h5>Pasi\u00f3n por nuestro trabajo y el buen hacer. <br \/>Pasi\u00f3n y dedicaci\u00f3n por ofreceros un trato excelente.<\/p>\n<p>\u00abLa excelencia en el servicio es m\u00e1s rentable m\u00e1s divertida <br \/>y conduce m\u00e1s f\u00e1cilmente hacia un futuro mejor\u00bb <br \/>Manuel Gracia<\/h5>\n<\/h3>\n<\/div>\n<h1>\n<div>\u00bfPor qu\u00e9 un servicio Magn\u00edfico?<\/div>\n<div><\/div>\n<\/h1>\n<div>\n<div>Un buen servicio no es lo suficientemente bueno como para garantizar la diferenciaci\u00f3n frente a los competidores , para crear s\u00f3lidas relaciones con el cliente, para competir en valor sin competir en precio.<\/div>\n<\/div>\n<div>\n<p>    <img decoding=\"async\" src=\"http:\/\/grazzia.es\/wp-content\/uploads\/2022\/09\/white-4621828.png\" alt=\"\"><\/p>\n<h3>VUESTRO HOGAR<br \/>NUESTRO COMPROMISO<\/h3>\n<\/div>\n<p><!--more--><br \/>\n<!-- {\"name\":\"\",\"type\":\"layout\",\"children\":[{\"type\":\"section\",\"props\":{\"style\":\"default\",\"width\":\"default\",\"vertical_align\":\"middle\",\"title_position\":\"top-left\",\"title_rotation\":\"left\",\"title_breakpoint\":\"xl\",\"image_position\":\"center-center\"},\"children\":[{\"type\":\"row\",\"children\":[{\"type\":\"column\",\"props\":{\"position_sticky_breakpoint\":\"m\",\"image_position\":\"center-center\",\"media_overlay_gradient\":\"\"},\"children\":[{\"type\":\"overlay-slider\",\"props\":{\"show_title\":true,\"show_meta\":true,\"show_content\":true,\"show_link\":true,\"show_hover_image\":true,\"slider_width\":\"fixed\",\"slider_width_default\":\"1-1\",\"slider_width_medium\":\"1-1\",\"slider_gap\":\"default\",\"slider_autoplay_pause\":true,\"nav\":\"dotnav\",\"nav_align\":\"center\",\"nav_breakpoint\":\"s\",\"slidenav\":\"default\",\"slidenav_margin\":\"medium\",\"slidenav_breakpoint\":\"s\",\"slidenav_outside_breakpoint\":\"xl\",\"overlay_mode\":\"cover\",\"overlay_position\":\"center\",\"overlay_transition\":\"fade\",\"title_hover_style\":\"reset\",\"title_element\":\"h3\",\"meta_style\":\"meta\",\"meta_align\":\"below-title\",\"meta_element\":\"div\",\"link_text\":\"Read more\",\"link_style\":\"default\",\"text_align\":\"center\",\"margin\":\"default\",\"title_style\":\"lead\",\"slider_sets\":false},\"children\":[{\"type\":\"overlay-slider_item\",\"props\":{\"title\":\"\n\n<h3>PERSONAS CON PASI\\u00d3N:<\\\/h3> \n\n<h5>Pasi\\u00f3n por nuestro trabajo y el buen hacer. <br \/>Pasi\\u00f3n y dedicaci\\u00f3n por ofreceros un trato excelente.\n\n\n\n\n\n\n\n\n\n\n\n\\\"La excelencia en el servicio es m\\u00e1s rentable m\\u00e1s divertida <br \/>y conduce m\\u00e1s f\\u00e1cilmente hacia un futuro mejor\\\" <br \/>Manuel Gracia<\\\/h5>\",\"image\":\"wp-content\\\/uploads\\\/2022\\\/09\\\/architecture-5014264-1-scaled.jpg\",\"text_color\":\"light\"}}]}]}]}]},{\"type\":\"section\",\"props\":{\"style\":\"default\",\"width\":\"default\",\"vertical_align\":\"middle\",\"title_position\":\"top-left\",\"title_rotation\":\"left\",\"title_breakpoint\":\"xl\",\"image_position\":\"center-center\"},\"children\":[{\"type\":\"row\",\"children\":[{\"type\":\"column\",\"props\":{\"position_sticky_breakpoint\":\"m\",\"image_position\":\"center-center\",\"media_overlay_gradient\":\"\"},\"children\":[{\"type\":\"headline\",\"props\":{\"title_element\":\"h1\",\"content\":\"\n\n<div>\\u00bfPor qu\\u00e9 un servicio Magn\\u00edfico?<\\\/div>\\n\n\n<div><\\\/div>\",\"text_align\":\"center\"}},{\"type\":\"text\",\"props\":{\"margin\":\"default\",\"column_breakpoint\":\"m\",\"content\":\"\n\n<div>Un buen servicio no es lo suficientemente bueno como para garantizar la diferenciaci\\u00f3n frente a los competidores , para crear s\\u00f3lidas relaciones con el cliente, para competir en valor sin competir en precio.<\\\/div>\",\"text_align\":\"center\",\"maxwidth\":\"large\",\"block_align\":\"center\"}}]}]}]},{\"type\":\"section\",\"props\":{\"style\":\"default\",\"width\":\"default\",\"vertical_align\":\"middle\",\"title_position\":\"top-left\",\"title_rotation\":\"left\",\"title_breakpoint\":\"xl\",\"image_position\":\"center-center\"},\"children\":[{\"type\":\"row\",\"children\":[{\"type\":\"column\",\"props\":{\"position_sticky_breakpoint\":\"m\",\"image_position\":\"center-center\",\"media_overlay_gradient\":\"\"},\"children\":[{\"type\":\"overlay-slider\",\"props\":{\"show_title\":true,\"show_meta\":true,\"show_content\":true,\"show_link\":true,\"show_hover_image\":true,\"slider_width\":\"fixed\",\"slider_width_default\":\"1-1\",\"slider_width_medium\":\"1-1\",\"slider_gap\":\"default\",\"slider_autoplay_pause\":true,\"nav\":\"dotnav\",\"nav_align\":\"center\",\"nav_breakpoint\":\"s\",\"slidenav\":\"default\",\"slidenav_margin\":\"medium\",\"slidenav_breakpoint\":\"s\",\"slidenav_outside_breakpoint\":\"xl\",\"overlay_mode\":\"cover\",\"overlay_position\":\"center\",\"overlay_transition\":\"fade\",\"title_hover_style\":\"reset\",\"title_element\":\"h3\",\"meta_style\":\"meta\",\"meta_align\":\"below-title\",\"meta_element\":\"div\",\"link_text\":\"Read more\",\"link_style\":\"default\",\"text_align\":\"center\",\"margin\":\"default\",\"title_style\":\"h1\",\"slider_sets\":false,\"title_margin\":\"xlarge\",\"css\":\".el-title {padding-top: 500px}\"},\"children\":[{\"type\":\"overlay-slider_item\",\"props\":{\"title\":\"VUESTRO HOGAR<br \/>NUESTRO COMPROMISO\",\"image\":\"http:\\\/\\\/grazzia.es\\\/wp-content\\\/uploads\\\/2022\\\/09\\\/white-4621828.png\",\"text_color\":\"light\"}}]}]}]}]}],\"version\":\"2.7.22\"} --><\/p>\n","protected":false},"excerpt":{"rendered":"<p>PERSONAS CON PASI\u00d3N: Pasi\u00f3n por nuestro trabajo y el buen hacer. Pasi\u00f3n y dedicaci\u00f3n por ofreceros un trato excelente. \u00abLa excelencia en el servicio es m\u00e1s rentable m\u00e1s divertida y conduce m\u00e1s f\u00e1cilmente hacia un futuro mejor\u00bb Manuel Gracia \u00bfPor qu\u00e9 un servicio Magn\u00edfico? Un buen servicio no es lo suficientemente bueno como para garantizar [&hellip;]<\/p>\n","protected":false},"author":1,"featured_media":0,"parent":0,"menu_order":8,"comment_status":"open","ping_status":"open","template":"","meta":{"_acf_changed":false,"footnotes":""},"class_list":["post-5","page","type-page","status-publish","hentry"],"acf":[],"_links":{"self":[{"href":"http:\/\/grazzia.es\/index.php?rest_route=\/wp\/v2\/pages\/5","targetHints":{"allow":["GET"]}}],"collection":[{"href":"http:\/\/grazzia.es\/index.php?rest_route=\/wp\/v2\/pages"}],"about":[{"href":"http:\/\/grazzia.es\/index.php?rest_route=\/wp\/v2\/types\/page"}],"author":[{"embeddable":true,"href":"http:\/\/grazzia.es\/index.php?rest_route=\/wp\/v2\/users\/1"}],"replies":[{"embeddable":true,"href":"http:\/\/grazzia.es\/index.php?rest_route=%2Fwp%2Fv2%2Fcomments&post=5"}],"version-history":[{"count":12,"href":"http:\/\/grazzia.es\/index.php?rest_route=\/wp\/v2\/pages\/5\/revisions"}],"predecessor-version":[{"id":1509,"href":"http:\/\/grazzia.es\/index.php?rest_route=\/wp\/v2\/pages\/5\/revisions\/1509"}],"wp:attachment":[{"href":"http:\/\/grazzia.es\/index.php?rest_route=%2Fwp%2Fv2%2Fmedia&parent=5"}],"curies":[{"name":"wp","href":"https:\/\/api.w.org\/{rel}","templated":true}]}}